{"id":9,"date":"2024-11-05T10:44:27","date_gmt":"2024-11-05T09:44:27","guid":{"rendered":"https:\/\/noemastockholm.se\/?page_id=9"},"modified":"2026-04-16T09:30:29","modified_gmt":"2026-04-16T07:30:29","slug":"hem","status":"publish","type":"page","link":"https:\/\/noemastockholm.se\/en\/","title":{"rendered":"Hem"},"content":{"rendered":"","protected":false},"excerpt":{"rendered":"","protected":false},"author":1,"featured_media":0,"parent":0,"menu_order":0,"comment_status":"closed","ping_status":"closed","template":"","meta":{"footnotes":""},"class_list":["post-9","page","type-page","status-publish","hentry"],"yoast_head":"<!-- This site is optimized with the Yoast SEO plugin v26.9 - https:\/\/yoast.com\/product\/yoast-seo-wordpress\/ -->\n<title>Poseidonkliniken \u2013 Specialister p\u00e5 h\u00e5rtransplantation utan klippning<\/title>\n<meta name=\"description\" content=\"Poseidonkliniken erbjuder h\u00e5rtransplantation utan klippning f\u00f6r naturliga resultat. Bes\u00f6k v\u00e5r klinik i Stockholm och boka en kostnadsfri konsultation.\" \/>\n<meta name=\"robots\" content=\"index, follow, max-snippet:-1, max-image-preview:large, max-video-preview:-1\" \/>\n<link rel=\"canonical\" href=\"https:\/\/noemastockholm.se\/en\/\" \/>\n<meta property=\"og:locale\" content=\"en_US\" \/>\n<meta property=\"og:type\" content=\"article\" \/>\n<meta property=\"og:title\" content=\"Poseidonkliniken \u2013 Specialister p\u00e5 h\u00e5rtransplantation utan klippning\" \/>\n<meta property=\"og:description\" content=\"Poseidonkliniken erbjuder h\u00e5rtransplantation utan klippning f\u00f6r naturliga resultat. Bes\u00f6k v\u00e5r klinik i Stockholm och boka en kostnadsfri konsultation.\" \/>\n<meta property=\"og:url\" content=\"https:\/\/noemastockholm.se\/en\/\" \/>\n<meta property=\"og:site_name\" content=\"Noema Stockholm\" \/>\n<meta property=\"article:publisher\" content=\"https:\/\/www.facebook.com\/poseidonkliniken\" \/>\n<meta property=\"article:modified_time\" content=\"2026-04-16T07:30:29+00:00\" \/>\n<meta name=\"twitter:card\" content=\"summary_large_image\" \/>\n<script type=\"application\/ld+json\" class=\"yoast-schema-graph\">{\"@context\":\"https:\/\/schema.org\",\"@graph\":[{\"@type\":\"WebPage\",\"@id\":\"https:\/\/noemastockholm.se\/\",\"url\":\"https:\/\/noemastockholm.se\/\",\"name\":\"Poseidonkliniken \u2013 Specialister p\u00e5 h\u00e5rtransplantation utan klippning\",\"isPartOf\":{\"@id\":\"https:\/\/noemastockholm.se\/#website\"},\"datePublished\":\"2024-11-05T09:44:27+00:00\",\"dateModified\":\"2026-04-16T07:30:29+00:00\",\"description\":\"Poseidonkliniken erbjuder h\u00e5rtransplantation utan klippning f\u00f6r naturliga resultat. Bes\u00f6k v\u00e5r klinik i Stockholm och boka en kostnadsfri konsultation.\",\"breadcrumb\":{\"@id\":\"https:\/\/noemastockholm.se\/#breadcrumb\"},\"inLanguage\":\"en-US\",\"potentialAction\":[{\"@type\":\"ReadAction\",\"target\":[\"https:\/\/noemastockholm.se\/\"]}]},{\"@type\":\"BreadcrumbList\",\"@id\":\"https:\/\/noemastockholm.se\/#breadcrumb\",\"itemListElement\":[{\"@type\":\"ListItem\",\"position\":1,\"name\":\"Hem\",\"item\":\"https:\/\/noemastockholm.se\/\"},{\"@type\":\"ListItem\",\"position\":2,\"name\":\"Hem\"}]},{\"@type\":\"WebSite\",\"@id\":\"https:\/\/noemastockholm.se\/#website\",\"url\":\"https:\/\/noemastockholm.se\/\",\"name\":\"Poseidonkliniken Stockholm\",\"description\":\"\",\"publisher\":{\"@id\":\"https:\/\/noemastockholm.se\/#organization\"},\"potentialAction\":[{\"@type\":\"SearchAction\",\"target\":{\"@type\":\"EntryPoint\",\"urlTemplate\":\"https:\/\/noemastockholm.se\/?s={search_term_string}\"},\"query-input\":{\"@type\":\"PropertyValueSpecification\",\"valueRequired\":true,\"valueName\":\"search_term_string\"}}],\"inLanguage\":\"en-US\"},{\"@type\":\"Organization\",\"@id\":\"https:\/\/noemastockholm.se\/#organization\",\"name\":\"Poseidonkliniken Stockholm\",\"url\":\"https:\/\/noemastockholm.se\/\",\"logo\":{\"@type\":\"ImageObject\",\"inLanguage\":\"en-US\",\"@id\":\"https:\/\/noemastockholm.se\/#\/schema\/logo\/image\/\",\"url\":\"https:\/\/noemastockholm.se\/wp-content\/uploads\/2025\/02\/poseidonkliniken_logo_black.png\",\"contentUrl\":\"https:\/\/noemastockholm.se\/wp-content\/uploads\/2025\/02\/poseidonkliniken_logo_black.png\",\"width\":786,\"height\":105,\"caption\":\"Poseidonkliniken Stockholm\"},\"image\":{\"@id\":\"https:\/\/noemastockholm.se\/#\/schema\/logo\/image\/\"},\"sameAs\":[\"https:\/\/www.facebook.com\/poseidonkliniken\",\"https:\/\/www.instagram.com\/poseidonkliniken\/\",\"https:\/\/www.linkedin.com\/company\/poseidonkliniken-ab\/posts\/?feedView=all\"]}]}<\/script>\n<!-- \/ Yoast SEO plugin. -->","yoast_head_json":{"title":"Poseidonkliniken \u2013 Specialister p\u00e5 h\u00e5rtransplantation utan klippning","description":"Poseidonkliniken erbjuder h\u00e5rtransplantation utan klippning f\u00f6r naturliga resultat. Bes\u00f6k v\u00e5r klinik i Stockholm och boka en kostnadsfri konsultation.","robots":{"index":"index","follow":"follow","max-snippet":"max-snippet:-1","max-image-preview":"max-image-preview:large","max-video-preview":"max-video-preview:-1"},"canonical":"https:\/\/noemastockholm.se\/en\/","og_locale":"en_US","og_type":"article","og_title":"Poseidonkliniken \u2013 Specialister p\u00e5 h\u00e5rtransplantation utan klippning","og_description":"Poseidonkliniken erbjuder h\u00e5rtransplantation utan klippning f\u00f6r naturliga resultat. Bes\u00f6k v\u00e5r klinik i Stockholm och boka en kostnadsfri konsultation.","og_url":"https:\/\/noemastockholm.se\/en\/","og_site_name":"Noema Stockholm","article_publisher":"https:\/\/www.facebook.com\/poseidonkliniken","article_modified_time":"2026-04-16T07:30:29+00:00","twitter_card":"summary_large_image","schema":{"@context":"https:\/\/schema.org","@graph":[{"@type":"WebPage","@id":"https:\/\/noemastockholm.se\/","url":"https:\/\/noemastockholm.se\/","name":"Poseidonkliniken \u2013 Specialister p\u00e5 h\u00e5rtransplantation utan klippning","isPartOf":{"@id":"https:\/\/noemastockholm.se\/#website"},"datePublished":"2024-11-05T09:44:27+00:00","dateModified":"2026-04-16T07:30:29+00:00","description":"Poseidonkliniken erbjuder h\u00e5rtransplantation utan klippning f\u00f6r naturliga resultat. Bes\u00f6k v\u00e5r klinik i Stockholm och boka en kostnadsfri konsultation.","breadcrumb":{"@id":"https:\/\/noemastockholm.se\/#breadcrumb"},"inLanguage":"en-US","potentialAction":[{"@type":"ReadAction","target":["https:\/\/noemastockholm.se\/"]}]},{"@type":"BreadcrumbList","@id":"https:\/\/noemastockholm.se\/#breadcrumb","itemListElement":[{"@type":"ListItem","position":1,"name":"Hem","item":"https:\/\/noemastockholm.se\/"},{"@type":"ListItem","position":2,"name":"Hem"}]},{"@type":"WebSite","@id":"https:\/\/noemastockholm.se\/#website","url":"https:\/\/noemastockholm.se\/","name":"Poseidonkliniken Stockholm","description":"","publisher":{"@id":"https:\/\/noemastockholm.se\/#organization"},"potentialAction":[{"@type":"SearchAction","target":{"@type":"EntryPoint","urlTemplate":"https:\/\/noemastockholm.se\/?s={search_term_string}"},"query-input":{"@type":"PropertyValueSpecification","valueRequired":true,"valueName":"search_term_string"}}],"inLanguage":"en-US"},{"@type":"Organization","@id":"https:\/\/noemastockholm.se\/#organization","name":"Poseidonkliniken Stockholm","url":"https:\/\/noemastockholm.se\/","logo":{"@type":"ImageObject","inLanguage":"en-US","@id":"https:\/\/noemastockholm.se\/#\/schema\/logo\/image\/","url":"https:\/\/noemastockholm.se\/wp-content\/uploads\/2025\/02\/poseidonkliniken_logo_black.png","contentUrl":"https:\/\/noemastockholm.se\/wp-content\/uploads\/2025\/02\/poseidonkliniken_logo_black.png","width":786,"height":105,"caption":"Poseidonkliniken Stockholm"},"image":{"@id":"https:\/\/noemastockholm.se\/#\/schema\/logo\/image\/"},"sameAs":["https:\/\/www.facebook.com\/poseidonkliniken","https:\/\/www.instagram.com\/poseidonkliniken\/","https:\/\/www.linkedin.com\/company\/poseidonkliniken-ab\/posts\/?feedView=all"]}]}},"_links":{"self":[{"href":"https:\/\/noemastockholm.se\/en\/wp-json\/wp\/v2\/pages\/9","targetHints":{"allow":["GET"]}}],"collection":[{"href":"https:\/\/noemastockholm.se\/en\/wp-json\/wp\/v2\/pages"}],"about":[{"href":"https:\/\/noemastockholm.se\/en\/wp-json\/wp\/v2\/types\/page"}],"author":[{"embeddable":true,"href":"https:\/\/noemastockholm.se\/en\/wp-json\/wp\/v2\/users\/1"}],"replies":[{"embeddable":true,"href":"https:\/\/noemastockholm.se\/en\/wp-json\/wp\/v2\/comments?post=9"}],"version-history":[{"count":100,"href":"https:\/\/noemastockholm.se\/en\/wp-json\/wp\/v2\/pages\/9\/revisions"}],"predecessor-version":[{"id":823,"href":"https:\/\/noemastockholm.se\/en\/wp-json\/wp\/v2\/pages\/9\/revisions\/823"}],"wp:attachment":[{"href":"https:\/\/noemastockholm.se\/en\/wp-json\/wp\/v2\/media?parent=9"}],"curies":[{"name":"wp","href":"https:\/\/api.w.org\/{rel}","templated":true}]}}